{"id":13625,"date":"2021-05-26T15:53:21","date_gmt":"2021-05-26T13:53:21","guid":{"rendered":"https:\/\/www.telefonorosa.it\/casa-refugio\/"},"modified":"2021-05-26T15:58:20","modified_gmt":"2021-05-26T13:58:20","slug":"casa-refugio","status":"publish","type":"page","link":"https:\/\/www.telefonorosa.it\/pt-pt\/casa-refugio\/","title":{"rendered":"Casa Ref\u00fagio"},"content":{"rendered":"<p>[et_pb_section fb_built=&#8221;1&#8243; admin_label=&#8221;section&#8221; _builder_version=&#8221;3.22&#8243;][et_pb_row admin_label=&#8221;row&#8221; _builder_version=&#8221;3.25&#8243; background_size=&#8221;initial&#8221; background_position=&#8221;top_left&#8221; background_repeat=&#8221;repeat&#8221;][et_pb_column type=&#8221;4_4&#8243; _builder_version=&#8221;3.25&#8243; custom_padding=&#8221;|||&#8221; custom_padding__hover=&#8221;|||&#8221;][et_pb_text admin_label=&#8221;Text&#8221; _builder_version=&#8221;4.8.1&#8243; background_size=&#8221;initial&#8221; background_position=&#8221;top_left&#8221; background_repeat=&#8221;repeat&#8221;]<\/p>\n<h1 style=\"text-align: center\"><b>Casa Ref\u00fagio<\/b><\/h1>\n<h4 style=\"text-align: center\"><strong>Prote\u00e7\u00e3o e recep\u00e7\u00e3o<\/strong><\/h4>\n<div id=\"attachment_465\" style=\"width: 710px\" class=\"wp-caption aligncenter\"><img loading=\"lazy\" decoding=\"async\" aria-describedby=\"caption-attachment-465\" class=\"wp-image-465 size-full\" title=\"Casa Ref\u00fagio\" src=\"http:\/\/www.telefonorosa.it\/wp-content\/uploads\/2014\/09\/CASA-ACCOGLIENZA-VALMONTONE.jpg\" alt=\"Casa Ref\u00fagio\" width=\"700\" height=\"320\"><p id=\"caption-attachment-465\" class=\"wp-caption-text\">Casa Ref\u00fagio Prote\u00e7\u00e3o<\/p><\/div>\n<p><span style=\"font-weight: 400\"><\/span><\/p>\n<p>&nbsp;<\/p>\n<p>A Casa Refugio \u00e9 uma estrutura dedicada, com endere\u00e7o secreto, que oferece alojamento seguro para mulheres, v\u00edtimas de viol\u00eancia e seus filhos, de forma gratuita e independente do local de resid\u00eancia. O objetivo \u00e9 proteg\u00ea-los e salvaguardar sua seguran\u00e7a f\u00edsica e mental. A Casa Rifugio garante o anonimato e a confidencialidade, proporcionando aos h\u00f3spedes alojamento e bens b\u00e1sicos para a vida quotidiana. Essas estruturas est\u00e3o inclu\u00eddas no mapeamento de 1522, N\u00famero de Utilidade P\u00fablica Anti-viol\u00eancia e Stalking da Presid\u00eancia do Conselho de Ministros &#8211; Departamento de Igualdade de Oportunidades e nos registros regionais apropriados. <br \/> O acesso \u00e0 Casa de Ref\u00fagio pode se dar por meio de den\u00fancia direta, se procedente da mulher v\u00edtima de viol\u00eancia ou indiretamente, se transmitida por servi\u00e7os como Cav, Primeiros Socorros, 1522, servi\u00e7os sociais e \u00f3rg\u00e3os de seguran\u00e7a p\u00fablica.<\/p>\n<p>A gest\u00e3o da Casa deve garantir, gratuitamente, \u00e0s mulheres v\u00edtimas e aos seus filhos menores: protec\u00e7\u00e3o e acolhimento nos tempos previstos no percurso personalizado, garantindo tamb\u00e9m servi\u00e7os educativos adequados e apoio escolar aos menores. A Casa atua de forma integrada com a rede de servi\u00e7os sociais, de sa\u00fade e de assist\u00eancia territorial. Est\u00e3o garantidos servi\u00e7os de escuta e acolhimento, assist\u00eancia psicol\u00f3gica e jur\u00eddica, orienta\u00e7\u00e3o laboral e autonomia habitacional.<\/p>\n<p>O Telefono Rosa, gra\u00e7as sobretudo \u00e0 contribui\u00e7\u00e3o de organiza\u00e7\u00f5es privadas e empresas, ajuda as mulheres e seus filhos menores mesmo no final de sua trajet\u00f3ria nos abrigos. Na verdade, ele fornece suporte econ\u00f4mico com subs\u00eddios para cobrir os custos de aluguel de uma casa particular, compra de m\u00f3veis, usu\u00e1rios dom\u00e9sticos e todas as necessidades do dia a dia.<\/p>\n<p>&nbsp;<\/p>\n<p><strong><em><u>Assist\u00eancia prestada<\/u><\/em><\/strong><\/p>\n<ul>\n<li><strong>Hospitalidade em acomoda\u00e7\u00e3o segura<\/strong><\/li>\n<li><strong>Bens prim\u00e1rios para a vida di\u00e1ria<br \/> <\/strong><\/li>\n<li><strong>Prote\u00e7\u00e3o para seguran\u00e7a f\u00edsica e psicol\u00f3gica<\/strong><\/li>\n<li><strong>Projeto personalizado com o objetivo de escapar da viol\u00eancia<\/strong><\/li>\n<li><strong>Atendimento a menores dependentes e servi\u00e7os educacionais\n<p> <\/strong><\/li>\n<\/ul>\n<p><strong><em>O pessoal da Casa Rifugio <\/em><\/strong><\/p>\n<p>Durante a interna\u00e7\u00e3o, a mulher \u00e9 apoiada em todas as atividades \u00fateis para o alcance da autonomia. Essas atividades s\u00e3o m\u00faltiplas e envolvem diferentes profissionais em v\u00e1rios n\u00edveis, cada um com sua compet\u00eancia: a mulher, de fato, ter\u00e1 a ajuda e o apoio de todo o pessoal dispon\u00edvel em seu caminho.<\/p>\n<p>O pessoal da Casa Ref\u00fagio, exclusivamente feminino, qualificado, devidamente treinado e especializado no tema da viol\u00eancia de g\u00eanero \u00e9 composto por:<\/p>\n<ul>\n<li><u>O Gerente:<\/u>psic\u00f3logo inscrito no cadastro profissional, que coordena o grupo de trabalho e as atividades da casa. Cuida da organiza\u00e7\u00e3o das operadoras, garantindo as fun\u00e7\u00f5es planejadas, e da conex\u00e3o com os servi\u00e7os e recursos locais como sa\u00fade e servi\u00e7os sociais, n\u00facleos territoriais, etc. Realiza entrevistas cognitivas, visando o ingresso na estrutura do n\u00facleo, e est\u00e1 dispon\u00edvel 24 horas por dia, 365 dias por ano para coordenar a equipe em emerg\u00eancias; <\/li>\n<li><u>O vice-gerente:<\/u> psic\u00f3logo inscrito no cadastro profissional, que auxilia a gerente na gest\u00e3o do Centro, substituindo-a em casos de necessidade (f\u00e9rias e doen\u00e7a); <\/li>\n<li><u>Dois psic\u00f3logos,<\/u> sendo um respons\u00e1vel pelas vias de fuga \u00e0s v\u00edtimas da viol\u00eancia atrav\u00e9s de grupos de apoio psicol\u00f3gico e de autoajuda e outro encarregado de supervisionar a equipa;  <\/li>\n<li><u>Dois advogados<\/u>, que cuidam da responsabilidade legal pela assist\u00eancia criminal, civil e juvenil das fam\u00edlias anfitri\u00e3s; <\/li>\n<li><u>Uma assistente social<\/u>, que cuida do contato com os servi\u00e7os sociais das mulheres hospedeiras, facilitando o uso da informa\u00e7\u00e3o entre os servi\u00e7os sociais respons\u00e1veis pelos n\u00facleos e o Centro;  <\/li>\n<li><u>Um educador profissional,<\/u> respons\u00e1vel pela gest\u00e3o dos espa\u00e7os destinados a menores. Ela tamb\u00e9m cuida da organiza\u00e7\u00e3o de oficinas para mulheres e menores, auxiliada pelo gerente;  <\/li>\n<li><u>Operadores<\/u>, que se alternam em plant\u00f5es 24 horas por dia, 365 dias por ano, especialistas na \u00e1rea da viol\u00eancia e com forma\u00e7\u00e3o adequada; <\/li>\n<li><u>Mediadores interculturais<\/u> para mulheres estrangeiras, imigrantes ou de minorias \u00e9tnicas, com o objetivo principal de respeitar as diferen\u00e7as socioculturais.<\/li>\n<\/ul>\n<p>&nbsp;<\/p>\n<p>Todas as interven\u00e7\u00f5es visam restaurar a confian\u00e7a da mulher nas suas capacidades, na sua autoestima e no seu pensamento, mas tamb\u00e9m visam ajud\u00e1-la a adquirir a sua autonomia, reconstruindo o seu futuro.<\/p>\n<p>&nbsp;<\/p>\n<p>&nbsp;<\/p>\n<p>[\/et_pb_text][\/et_pb_column][\/et_pb_row][\/et_pb_section]<\/p>\n","protected":false},"excerpt":{"rendered":"<p>Casa Ref\u00fagio Prote\u00e7\u00e3o e recep\u00e7\u00e3o &nbsp; A Casa Refugio \u00e9 uma estrutura dedicada, com endere\u00e7o secreto, que oferece alojamento seguro para mulheres, v\u00edtimas de viol\u00eancia e seus filhos, de forma [&hellip;]<\/p>\n","protected":false},"author":1,"featured_media":0,"parent":0,"menu_order":0,"comment_status":"open","ping_status":"open","template":"","meta":{"give_campaign_id":0,"_et_pb_use_builder":"on","_et_pb_old_content":"","_et_gb_content_width":"","footnotes":""},"class_list":["post-13625","page","type-page","status-publish","hentry"],"yoast_head":"<!-- This site is optimized with the Yoast SEO plugin v26.8 - https:\/\/yoast.com\/product\/yoast-seo-wordpress\/ -->\n<title>A Casa Ref\u00fagio Prote\u00e7\u00e3o e Recep\u00e7\u00e3o<\/title>\n<meta name=\"description\" content=\"La casa rifugio fornisce protezione per donne e bambini vittime di violenza garantendo il completo anonimato. Psicologhe e figure di sostegno in sede.\" \/>\n<meta name=\"robots\" content=\"index, follow, max-snippet:-1, max-image-preview:large, max-video-preview:-1\" \/>\n<link rel=\"canonical\" href=\"https:\/\/www.telefonorosa.it\/pt-pt\/casa-refugio\/\" \/>\n<meta property=\"og:locale\" content=\"pt_PT\" \/>\n<meta property=\"og:type\" content=\"article\" \/>\n<meta property=\"og:title\" content=\"A Casa Ref\u00fagio Prote\u00e7\u00e3o e Recep\u00e7\u00e3o\" \/>\n<meta property=\"og:description\" content=\"La casa rifugio fornisce protezione per donne e bambini vittime di violenza garantendo il completo anonimato. Psicologhe e figure di sostegno in sede.\" \/>\n<meta property=\"og:url\" content=\"https:\/\/www.telefonorosa.it\/pt-pt\/casa-refugio\/\" \/>\n<meta property=\"og:site_name\" content=\"Telefono Rosa\" \/>\n<meta property=\"article:publisher\" content=\"https:\/\/www.facebook.com\/telefonorosa\/\" \/>\n<meta property=\"article:modified_time\" content=\"2021-05-26T13:58:20+00:00\" \/>\n<meta property=\"og:image\" content=\"http:\/\/www.telefonorosa.it\/wp-content\/uploads\/2014\/09\/CASA-ACCOGLIENZA-VALMONTONE.jpg\" \/>\n<meta name=\"twitter:card\" content=\"summary_large_image\" \/>\n<meta name=\"twitter:site\" content=\"@telefonorosanaz\" \/>\n<meta name=\"twitter:label1\" content=\"Tempo estimado de leitura\" \/>\n\t<meta name=\"twitter:data1\" content=\"4 minutos\" \/>\n<script type=\"application\/ld+json\" class=\"yoast-schema-graph\">{\"@context\":\"https:\/\/schema.org\",\"@graph\":[{\"@type\":\"WebPage\",\"@id\":\"https:\/\/www.telefonorosa.it\/pt-pt\/casa-refugio\/\",\"url\":\"https:\/\/www.telefonorosa.it\/pt-pt\/casa-refugio\/\",\"name\":\"A Casa Ref\u00fagio Prote\u00e7\u00e3o e Recep\u00e7\u00e3o\",\"isPartOf\":{\"@id\":\"https:\/\/www.telefonorosa.it\/#website\"},\"primaryImageOfPage\":{\"@id\":\"https:\/\/www.telefonorosa.it\/pt-pt\/casa-refugio\/#primaryimage\"},\"image\":{\"@id\":\"https:\/\/www.telefonorosa.it\/pt-pt\/casa-refugio\/#primaryimage\"},\"thumbnailUrl\":\"http:\/\/www.telefonorosa.it\/wp-content\/uploads\/2014\/09\/CASA-ACCOGLIENZA-VALMONTONE.jpg\",\"datePublished\":\"2021-05-26T13:53:21+00:00\",\"dateModified\":\"2021-05-26T13:58:20+00:00\",\"description\":\"La casa rifugio fornisce protezione per donne e bambini vittime di violenza garantendo il completo anonimato. Psicologhe e figure di sostegno in sede.\",\"breadcrumb\":{\"@id\":\"https:\/\/www.telefonorosa.it\/pt-pt\/casa-refugio\/#breadcrumb\"},\"inLanguage\":\"pt-PT\",\"potentialAction\":[{\"@type\":\"ReadAction\",\"target\":[\"https:\/\/www.telefonorosa.it\/pt-pt\/casa-refugio\/\"]}]},{\"@type\":\"ImageObject\",\"inLanguage\":\"pt-PT\",\"@id\":\"https:\/\/www.telefonorosa.it\/pt-pt\/casa-refugio\/#primaryimage\",\"url\":\"http:\/\/www.telefonorosa.it\/wp-content\/uploads\/2014\/09\/CASA-ACCOGLIENZA-VALMONTONE.jpg\",\"contentUrl\":\"http:\/\/www.telefonorosa.it\/wp-content\/uploads\/2014\/09\/CASA-ACCOGLIENZA-VALMONTONE.jpg\"},{\"@type\":\"BreadcrumbList\",\"@id\":\"https:\/\/www.telefonorosa.it\/pt-pt\/casa-refugio\/#breadcrumb\",\"itemListElement\":[{\"@type\":\"ListItem\",\"position\":1,\"name\":\"Home\",\"item\":\"https:\/\/www.telefonorosa.it\/\"},{\"@type\":\"ListItem\",\"position\":2,\"name\":\"Casa Ref\u00fagio\"}]},{\"@type\":\"WebSite\",\"@id\":\"https:\/\/www.telefonorosa.it\/#website\",\"url\":\"https:\/\/www.telefonorosa.it\/\",\"name\":\"Telefono Rosa - Pi\u00f9 forti insieme\",\"description\":\"Pi\u00f9 forti insieme\",\"publisher\":{\"@id\":\"https:\/\/www.telefonorosa.it\/#organization\"},\"potentialAction\":[{\"@type\":\"SearchAction\",\"target\":{\"@type\":\"EntryPoint\",\"urlTemplate\":\"https:\/\/www.telefonorosa.it\/?s={search_term_string}\"},\"query-input\":{\"@type\":\"PropertyValueSpecification\",\"valueRequired\":true,\"valueName\":\"search_term_string\"}}],\"inLanguage\":\"pt-PT\"},{\"@type\":\"Organization\",\"@id\":\"https:\/\/www.telefonorosa.it\/#organization\",\"name\":\"Telefono Rosa\",\"url\":\"https:\/\/www.telefonorosa.it\/\",\"logo\":{\"@type\":\"ImageObject\",\"inLanguage\":\"pt-PT\",\"@id\":\"https:\/\/www.telefonorosa.it\/#\/schema\/logo\/image\/\",\"url\":\"https:\/\/www.telefonorosa.it\/wp-content\/uploads\/2021\/01\/Logo_TR.png\",\"contentUrl\":\"https:\/\/www.telefonorosa.it\/wp-content\/uploads\/2021\/01\/Logo_TR.png\",\"width\":178,\"height\":184,\"caption\":\"Telefono Rosa\"},\"image\":{\"@id\":\"https:\/\/www.telefonorosa.it\/#\/schema\/logo\/image\/\"},\"sameAs\":[\"https:\/\/www.facebook.com\/telefonorosa\/\",\"https:\/\/x.com\/telefonorosanaz\",\"http:\/\/instagram.com\/telefonorosa_official\/\",\"https:\/\/www.youtube.com\/user\/TelefonoRosaOnlus\/\",\"https:\/\/it.wikipedia.org\/wiki\/Telefono_rosa\"]}]}<\/script>\n<!-- \/ Yoast SEO plugin. -->","yoast_head_json":{"title":"A Casa Ref\u00fagio Prote\u00e7\u00e3o e Recep\u00e7\u00e3o","description":"La casa rifugio fornisce protezione per donne e bambini vittime di violenza garantendo il completo anonimato. Psicologhe e figure di sostegno in sede.","robots":{"index":"index","follow":"follow","max-snippet":"max-snippet:-1","max-image-preview":"max-image-preview:large","max-video-preview":"max-video-preview:-1"},"canonical":"https:\/\/www.telefonorosa.it\/pt-pt\/casa-refugio\/","og_locale":"pt_PT","og_type":"article","og_title":"A Casa Ref\u00fagio Prote\u00e7\u00e3o e Recep\u00e7\u00e3o","og_description":"La casa rifugio fornisce protezione per donne e bambini vittime di violenza garantendo il completo anonimato. Psicologhe e figure di sostegno in sede.","og_url":"https:\/\/www.telefonorosa.it\/pt-pt\/casa-refugio\/","og_site_name":"Telefono Rosa","article_publisher":"https:\/\/www.facebook.com\/telefonorosa\/","article_modified_time":"2021-05-26T13:58:20+00:00","og_image":[{"url":"http:\/\/www.telefonorosa.it\/wp-content\/uploads\/2014\/09\/CASA-ACCOGLIENZA-VALMONTONE.jpg","type":"","width":"","height":""}],"twitter_card":"summary_large_image","twitter_site":"@telefonorosanaz","twitter_misc":{"Tempo estimado de leitura":"4 minutos"},"schema":{"@context":"https:\/\/schema.org","@graph":[{"@type":"WebPage","@id":"https:\/\/www.telefonorosa.it\/pt-pt\/casa-refugio\/","url":"https:\/\/www.telefonorosa.it\/pt-pt\/casa-refugio\/","name":"A Casa Ref\u00fagio Prote\u00e7\u00e3o e Recep\u00e7\u00e3o","isPartOf":{"@id":"https:\/\/www.telefonorosa.it\/#website"},"primaryImageOfPage":{"@id":"https:\/\/www.telefonorosa.it\/pt-pt\/casa-refugio\/#primaryimage"},"image":{"@id":"https:\/\/www.telefonorosa.it\/pt-pt\/casa-refugio\/#primaryimage"},"thumbnailUrl":"http:\/\/www.telefonorosa.it\/wp-content\/uploads\/2014\/09\/CASA-ACCOGLIENZA-VALMONTONE.jpg","datePublished":"2021-05-26T13:53:21+00:00","dateModified":"2021-05-26T13:58:20+00:00","description":"La casa rifugio fornisce protezione per donne e bambini vittime di violenza garantendo il completo anonimato. Psicologhe e figure di sostegno in sede.","breadcrumb":{"@id":"https:\/\/www.telefonorosa.it\/pt-pt\/casa-refugio\/#breadcrumb"},"inLanguage":"pt-PT","potentialAction":[{"@type":"ReadAction","target":["https:\/\/www.telefonorosa.it\/pt-pt\/casa-refugio\/"]}]},{"@type":"ImageObject","inLanguage":"pt-PT","@id":"https:\/\/www.telefonorosa.it\/pt-pt\/casa-refugio\/#primaryimage","url":"http:\/\/www.telefonorosa.it\/wp-content\/uploads\/2014\/09\/CASA-ACCOGLIENZA-VALMONTONE.jpg","contentUrl":"http:\/\/www.telefonorosa.it\/wp-content\/uploads\/2014\/09\/CASA-ACCOGLIENZA-VALMONTONE.jpg"},{"@type":"BreadcrumbList","@id":"https:\/\/www.telefonorosa.it\/pt-pt\/casa-refugio\/#breadcrumb","itemListElement":[{"@type":"ListItem","position":1,"name":"Home","item":"https:\/\/www.telefonorosa.it\/"},{"@type":"ListItem","position":2,"name":"Casa Ref\u00fagio"}]},{"@type":"WebSite","@id":"https:\/\/www.telefonorosa.it\/#website","url":"https:\/\/www.telefonorosa.it\/","name":"Telefono Rosa - Pi\u00f9 forti insieme","description":"Pi\u00f9 forti insieme","publisher":{"@id":"https:\/\/www.telefonorosa.it\/#organization"},"potentialAction":[{"@type":"SearchAction","target":{"@type":"EntryPoint","urlTemplate":"https:\/\/www.telefonorosa.it\/?s={search_term_string}"},"query-input":{"@type":"PropertyValueSpecification","valueRequired":true,"valueName":"search_term_string"}}],"inLanguage":"pt-PT"},{"@type":"Organization","@id":"https:\/\/www.telefonorosa.it\/#organization","name":"Telefono Rosa","url":"https:\/\/www.telefonorosa.it\/","logo":{"@type":"ImageObject","inLanguage":"pt-PT","@id":"https:\/\/www.telefonorosa.it\/#\/schema\/logo\/image\/","url":"https:\/\/www.telefonorosa.it\/wp-content\/uploads\/2021\/01\/Logo_TR.png","contentUrl":"https:\/\/www.telefonorosa.it\/wp-content\/uploads\/2021\/01\/Logo_TR.png","width":178,"height":184,"caption":"Telefono Rosa"},"image":{"@id":"https:\/\/www.telefonorosa.it\/#\/schema\/logo\/image\/"},"sameAs":["https:\/\/www.facebook.com\/telefonorosa\/","https:\/\/x.com\/telefonorosanaz","http:\/\/instagram.com\/telefonorosa_official\/","https:\/\/www.youtube.com\/user\/TelefonoRosaOnlus\/","https:\/\/it.wikipedia.org\/wiki\/Telefono_rosa"]}]}},"campaignId":"","_links":{"self":[{"href":"https:\/\/www.telefonorosa.it\/pt-pt\/wp-json\/wp\/v2\/pages\/13625","targetHints":{"allow":["GET"]}}],"collection":[{"href":"https:\/\/www.telefonorosa.it\/pt-pt\/wp-json\/wp\/v2\/pages"}],"about":[{"href":"https:\/\/www.telefonorosa.it\/pt-pt\/wp-json\/wp\/v2\/types\/page"}],"author":[{"embeddable":true,"href":"https:\/\/www.telefonorosa.it\/pt-pt\/wp-json\/wp\/v2\/users\/1"}],"replies":[{"embeddable":true,"href":"https:\/\/www.telefonorosa.it\/pt-pt\/wp-json\/wp\/v2\/comments?post=13625"}],"version-history":[{"count":18,"href":"https:\/\/www.telefonorosa.it\/pt-pt\/wp-json\/wp\/v2\/pages\/13625\/revisions"}],"predecessor-version":[{"id":13665,"href":"https:\/\/www.telefonorosa.it\/pt-pt\/wp-json\/wp\/v2\/pages\/13625\/revisions\/13665"}],"wp:attachment":[{"href":"https:\/\/www.telefonorosa.it\/pt-pt\/wp-json\/wp\/v2\/media?parent=13625"}],"curies":[{"name":"wp","href":"https:\/\/api.w.org\/{rel}","templated":true}]}}