{"id":13611,"date":"2021-05-26T13:59:47","date_gmt":"2021-05-26T11:59:47","guid":{"rendered":"https:\/\/www.telefonorosa.it\/os-centros-antiviolencia\/"},"modified":"2021-05-26T15:55:13","modified_gmt":"2021-05-26T13:55:13","slug":"os-centros-antiviolencia","status":"publish","type":"page","link":"https:\/\/www.telefonorosa.it\/pt-pt\/os-centros-antiviolencia\/","title":{"rendered":"Os centros antiviol\u00eancia"},"content":{"rendered":"<p>[et_pb_section fb_built=&#8221;1&#8243; _builder_version=&#8221;3.22&#8243;][et_pb_row _builder_version=&#8221;3.25&#8243; background_size=&#8221;initial&#8221; background_position=&#8221;top_left&#8221; background_repeat=&#8221;repeat&#8221;][et_pb_column type=&#8221;4_4&#8243; _builder_version=&#8221;3.25&#8243; custom_padding=&#8221;|||&#8221; custom_padding__hover=&#8221;|||&#8221;][et_pb_text _builder_version=&#8221;4.8.1&#8243; text_font_size=&#8221;18px&#8221; background_size=&#8221;initial&#8221; background_position=&#8221;top_left&#8221; background_repeat=&#8221;repeat&#8221;]<\/p>\n<h1 style=\"text-align: center\">Os centros antiviol\u00eancia<\/h1>\n<p><span style=\"font-size: 15px\"><\/span><\/p>\n<p style=\"text-align: center\">Temos orgulho em administrar os seguintes centros antiviol\u00eancia<\/p>\n<div style=\"text-align: center\">\n<p><span style=\"font-weight: 400\"><\/span><\/p>\n<\/div>\n<p>[\/et_pb_text][\/et_pb_column][\/et_pb_row][et_pb_row column_structure=&#8221;1_2,1_2&#8243; make_equal=&#8221;on&#8221; _builder_version=&#8221;3.25&#8243; background_size=&#8221;initial&#8221; background_position=&#8221;top_left&#8221; background_repeat=&#8221;repeat&#8221; custom_padding=&#8221;10px||10px|&#8221; custom_width_px=&#8221;800px&#8221;][et_pb_column type=&#8221;1_2&#8243; module_class=&#8221;help-col&#8221; _builder_version=&#8221;3.25&#8243; background_color=&#8221;#F4F4F4&#8243; custom_padding=&#8221;30px|30px|30px|30px&#8221; custom_padding__hover=&#8221;|||&#8221;][et_pb_blurb title=&#8221;CAV Viale Mazzini&#8221; image=&#8221;http:\/\/2021.telefonorosa.it\/wp-content\/uploads\/2018\/04\/team360.png&#8221; _builder_version=&#8221;4.9.0&#8243; header_font=&#8221;|600|||||||&#8221; header_font_size=&#8221;21px&#8221; body_font=&#8221;||||||||&#8221; body_line_height=&#8221;1.4em&#8221; text_orientation=&#8221;center&#8221;]<\/p>\n<p><strong>Tel. 06.37.51.82.61 \/ 62 \/ 82 <br \/><\/strong><\/p>\n<p>[\/et_pb_blurb][\/et_pb_column][et_pb_column type=&#8221;1_2&#8243; module_class=&#8221;help-col&#8221; _builder_version=&#8221;3.25&#8243; background_color=&#8221;#F4F4F4&#8243; custom_padding=&#8221;30px|30px|30px|30px&#8221; custom_padding__hover=&#8221;|||&#8221;][et_pb_blurb title=&#8221;CAV La Ginestra&#8221; image=&#8221;http:\/\/2021.telefonorosa.it\/wp-content\/uploads\/2018\/04\/team360.png&#8221; _builder_version=&#8221;3.0.106&#8243; header_font=&#8221;|600|||||||&#8221; header_font_size=&#8221;21px&#8221; body_font=&#8221;||||||||&#8221; body_line_height=&#8221;1.4em&#8221; text_orientation=&#8221;center&#8221;]<\/p>\n<p><strong>Tel. 06.95.911.87<\/strong><\/p>\n<p>[\/et_pb_blurb][\/et_pb_column][\/et_pb_row][et_pb_row column_structure=&#8221;1_2,1_2&#8243; make_equal=&#8221;on&#8221; _builder_version=&#8221;3.25&#8243; background_size=&#8221;initial&#8221; background_position=&#8221;top_left&#8221; background_repeat=&#8221;repeat&#8221; custom_padding=&#8221;10px||10px|&#8221; custom_width_px=&#8221;800px&#8221;][et_pb_column type=&#8221;1_2&#8243; module_class=&#8221;help-col&#8221; _builder_version=&#8221;3.25&#8243; background_color=&#8221;#F4F4F4&#8243; custom_padding=&#8221;30px|30px|30px|30px&#8221; custom_padding__hover=&#8221;|||&#8221;][et_pb_blurb title=&#8221;CAV Via Fiortifiocca&#8221; image=&#8221;http:\/\/2021.telefonorosa.it\/wp-content\/uploads\/2018\/04\/team360.png&#8221; _builder_version=&#8221;3.0.106&#8243; header_font=&#8221;|600|||||||&#8221; header_font_size=&#8221;21px&#8221; body_font=&#8221;||||||||&#8221; body_line_height=&#8221;1.4em&#8221; text_orientation=&#8221;center&#8221;]<\/p>\n<p><strong>Tel. 06.69.60.92.16 \/ 06.69.60.92.13<br \/><\/strong><\/p>\n<p>[\/et_pb_blurb][\/et_pb_column][et_pb_column type=&#8221;1_2&#8243; module_class=&#8221;help-col&#8221; _builder_version=&#8221;3.25&#8243; background_color=&#8221;#F4F4F4&#8243; custom_padding=&#8221;30px|30px|30px|30px&#8221; custom_padding__hover=&#8221;|||&#8221;][et_pb_blurb title=&#8221;CAV Via Solazzi&#8221; image=&#8221;http:\/\/2021.telefonorosa.it\/wp-content\/uploads\/2018\/04\/team360.png&#8221; _builder_version=&#8221;4.9.2&#8243; header_font=&#8221;|600|||||||&#8221; header_font_size=&#8221;21px&#8221; body_font=&#8221;||||||||&#8221; body_line_height=&#8221;1.4em&#8221; text_orientation=&#8221;center&#8221; hover_enabled=&#8221;0&#8243; sticky_enabled=&#8221;0&#8243;]<\/p>\n<p><strong>Tel. 06.85.38.69.22<\/strong><\/p>\n<p>[\/et_pb_blurb][\/et_pb_column][\/et_pb_row][et_pb_row column_structure=&#8221;1_2,1_2&#8243; make_equal=&#8221;on&#8221; _builder_version=&#8221;3.25&#8243; background_size=&#8221;initial&#8221; background_position=&#8221;top_left&#8221; background_repeat=&#8221;repeat&#8221; custom_padding=&#8221;10px||10px|&#8221; hover_enabled=&#8221;0&#8243; custom_width_px=&#8221;800px&#8221; sticky_enabled=&#8221;0&#8243;][et_pb_column type=&#8221;1_2&#8243; module_class=&#8221;help-col&#8221; _builder_version=&#8221;3.25&#8243; background_color=&#8221;#F4F4F4&#8243; custom_padding=&#8221;30px|30px|30px|30px&#8221; custom_padding__hover=&#8221;|||&#8221;][et_pb_blurb title=&#8221;CAV Dalmazia&#8221; image=&#8221;http:\/\/2021.telefonorosa.it\/wp-content\/uploads\/2018\/04\/team360.png&#8221; _builder_version=&#8221;4.9.2&#8243; header_font=&#8221;|600|||||||&#8221; header_font_size=&#8221;21px&#8221; body_font=&#8221;||||||||&#8221; body_line_height=&#8221;1.4em&#8221; text_orientation=&#8221;center&#8221; hover_enabled=&#8221;0&#8243; sticky_enabled=&#8221;0&#8243;]<\/p>\n<p><strong>Tel. 338.4715978<br \/><\/strong><\/p>\n<p>[\/et_pb_blurb][\/et_pb_column][et_pb_column type=&#8221;1_2&#8243; module_class=&#8221;help-col&#8221; _builder_version=&#8221;4.9.2&#8243; custom_padding=&#8221;30px|30px|30px|30px&#8221; hover_enabled=&#8221;0&#8243; custom_padding__hover=&#8221;|||&#8221; background_enable_color=&#8221;off&#8221; sticky_enabled=&#8221;0&#8243;][\/et_pb_column][\/et_pb_row][et_pb_row _builder_version=&#8221;3.25&#8243; background_size=&#8221;initial&#8221; background_position=&#8221;top_left&#8221; background_repeat=&#8221;repeat&#8221;][et_pb_column type=&#8221;4_4&#8243; _builder_version=&#8221;3.25&#8243; custom_padding=&#8221;|||&#8221; custom_padding__hover=&#8221;|||&#8221;][et_pb_text _builder_version=&#8221;4.8.1&#8243; text_font_size=&#8221;18px&#8221; background_size=&#8221;initial&#8221; background_position=&#8221;top_left&#8221; background_repeat=&#8221;repeat&#8221;]<\/p>\n<p>&nbsp;<\/p>\n<p>O Telefono Rosa administra centros antiviol\u00eancia em Roma e Lazio, oferecendo aconselhamento e apoio a mulheres, italianas e estrangeiras, sozinhas ou com seus filhos menores, v\u00edtimas de viol\u00eancia, abuso f\u00edsico e psicol\u00f3gico, persegui\u00e7\u00e3o, estupro e abuso sexual dentro ou fora do fam\u00edlia.<\/p>\n<p>Os centros antiviol\u00eancia ativam interven\u00e7\u00f5es a favor de todas as mulheres, tanto a partir de seu pedido expl\u00edcito, como mediante notifica\u00e7\u00e3o de qualquer outro servi\u00e7o local (pronto-socorro de hospital, consultoria familiar, policiais e policiais, servi\u00e7os sociais, etc.).<\/p>\n<p>Os operadores, ap\u00f3s uma primeira avalia\u00e7\u00e3o telef\u00f3nica e com o consentimento do interessado, chegam a acordo sobre um plano de ajuda personalizado, que pode incluir assist\u00eancia na apresenta\u00e7\u00e3o de uma reclama\u00e7\u00e3o ou na procura de qualquer outro suporte \u00fatil. Durante a primeira entrevista, os recursos e redes de apoio \u00e0s mulheres tamb\u00e9m s\u00e3o identificados, incluindo: fam\u00edlia, amigos, servi\u00e7os comunit\u00e1rios. O objetivo \u00e9 entender se a mulher pode se beneficiar de apoios relacionais, familiares e amigos, mesmo nas situa\u00e7\u00f5es mais extremas, como aquelas que envolvem a necessidade de se afastar do violento. Por\u00e9m, qualquer atividade exige respeito pela autodetermina\u00e7\u00e3o da mulher recebida. A vontade do mesmo \u00e9 uma prioridade; a mulher que vai ao centro n\u00e3o \u00e9 for\u00e7ada a nenhuma decis\u00e3o e pode se beneficiar dos servi\u00e7os oferecidos pelo Cav no anonimato absoluto.<\/p>\n<p><span style=\"font-weight: 400\"><\/span><\/p>\n<p><span style=\"font-weight: 400\"><\/span><\/p>\n<p><span style=\"font-weight: 400\"><\/span><\/p>\n<p>&nbsp;<\/p>\n<h2>Os CAVs garantem os seguintes servi\u00e7os:<\/h2>\n<ul>\n<li>N\u00famero de telefone dedicado h24;<\/li>\n<li>Ouvir;<\/li>\n<li>Recep\u00e7\u00e3o;<\/li>\n<li>Assist\u00eancia psicol\u00f3gica;<\/li>\n<li>Grupos de autoajuda;<\/li>\n<li>Assist\u00eancia jur\u00eddica;<\/li>\n<li>Apoio aos filhos menores, testemunhas de viol\u00eancia;<\/li>\n<li>Orienta\u00e7\u00e3o para o trabalho;<\/li>\n<li>Media\u00e7\u00e3o cultural;<\/li>\n<li>Secretaria social;<\/li>\n<li>Suporte para pais;<\/li>\n<li>Oficinas para menores.<\/li>\n<\/ul>\n<p>&nbsp;<\/p>\n<h2>Objetivos:<\/h2>\n<ul>\n<li>constru\u00e7\u00e3o de um projeto de interven\u00e7\u00e3o personalizado de reabilita\u00e7\u00e3o s\u00f3cio-laboral;<\/li>\n<li>orienta\u00e7\u00e3o para servi\u00e7os e recursos que podem ser ativados para o caso espec\u00edfico<\/li>\n<li>secretaria social<\/li>\n<li>entrevistas preliminares, a fim de compreender a situa\u00e7\u00e3o e estruturar uma interven\u00e7\u00e3o ad hoc<\/li>\n<li>entrevistas estruturadas com o objetivo de fornecer \u00e0 mulher uma nova chave para compreender a situa\u00e7\u00e3o vivida, ajudando a compreender e reconhecer os desfechos e danos para si mesma daquilo que vivenciou, fornecendo tamb\u00e9m indica\u00e7\u00f5es e informa\u00e7\u00f5es legais<\/li>\n<li>apoiar as mulheres na reaquisi\u00e7\u00e3o de autonomia e liberdade, a fim de promover o desenvolvimento do empoderamento<\/li>\n<li>elabora\u00e7\u00e3o de um caminho individual para escapar da viol\u00eancia<\/li>\n<li>Organiza\u00e7\u00e3o de grupos de autoajuda.<\/li>\n<\/ul>\n<p>Os centros antiviol\u00eancia est\u00e3o ligados \u00e0 rede de urg\u00eancias da \u00e1rea em que j\u00e1 foram acionados Memorandos de Entendimento entre algumas realidades sociais e o Telefone Rosa.<\/p>\n<p> Os Cavs beneficiam tamb\u00e9m de uma rede consolidada de servi\u00e7os, bem como da liga\u00e7\u00e3o com as Casas de Ref\u00fagio, tanto as geridas pela Associa\u00e7\u00e3o como as restantes da zona. <\/p>\n<p>[\/et_pb_text][\/et_pb_column][\/et_pb_row][\/et_pb_section][et_pb_section fb_built=&#8221;1&#8243; module_class=&#8221;da-newsletter&#8221; _builder_version=&#8221;4.8.1&#8243; background_color=&#8221;#F3A4BA&#8221; custom_padding=&#8221;17px|0px|10px|0px||&#8221; global_module=&#8221;11197&#8243; saved_tabs=&#8221;all&#8221;][et_pb_row column_structure=&#8221;3_5,2_5&#8243; make_equal=&#8221;on&#8221; _builder_version=&#8221;4.8.1&#8243; custom_padding=&#8221;0px||0px|||&#8221; custom_css_main_element=&#8221;align-items: center;&#8221;][et_pb_column type=&#8221;3_5&#8243; _builder_version=&#8221;4.8.1&#8243; custom_padding=&#8221;||||false|false&#8221; custom_css_main_element=&#8221;margin-bottom: 0 !important;&#8221; custom_padding__hover=&#8221;|||&#8221;][et_pb_text _builder_version=&#8221;4.8.1&#8243; text_font=&#8221;||||||||&#8221; header_font=&#8221;||||||||&#8221; header_2_font=&#8221;||||||||&#8221; background_layout=&#8221;dark&#8221; custom_margin=&#8221;|||&#8221; custom_padding=&#8221;10px||10px|&#8221;]<\/p>\n<h1>Inscreva-se no boletim informativo<\/h1>\n<p>[\/et_pb_text][et_pb_text _builder_version=&#8221;4.8.1&#8243; _module_preset=&#8221;default&#8221; text_text_color=&#8221;#FFFFFF&#8221; text_font_size=&#8221;17px&#8221;]inscreva-se e receba atualiza\u00e7\u00f5es e not\u00edcias sobre nossa associa\u00e7\u00e3o todas as semana.[\/et_pb_text][\/et_pb_column][et_pb_column type=&#8221;2_5&#8243; _builder_version=&#8221;3.25&#8243; custom_padding=&#8221;|||&#8221; custom_padding__hover=&#8221;|||&#8221;][et_pb_code _builder_version=&#8221;4.8.1&#8243; _module_preset=&#8221;default&#8221; custom_margin=&#8221;||-2px|||&#8221; custom_padding=&#8221;||0px|||&#8221;]\n<div class=\"wpcf7 no-js\" id=\"wpcf7-f11335-o1\" lang=\"it-IT\" dir=\"ltr\" data-wpcf7-id=\"11335\">\n<div class=\"screen-reader-response\"><p role=\"status\" aria-live=\"polite\" aria-atomic=\"true\"><\/p> <ul><\/ul><\/div>\n<form action=\"\/pt-pt\/wp-json\/wp\/v2\/pages\/13611#wpcf7-f11335-o1\" method=\"post\" class=\"wpcf7-form init\" aria-label=\"Modulo di contatto\" novalidate=\"novalidate\" data-status=\"init\">\n<fieldset class=\"hidden-fields-container\"><input type=\"hidden\" name=\"_wpcf7\" value=\"11335\" \/><input type=\"hidden\" name=\"_wpcf7_version\" value=\"6.1.4\" \/><input type=\"hidden\" name=\"_wpcf7_locale\" value=\"it_IT\" \/><input type=\"hidden\" name=\"_wpcf7_unit_tag\" value=\"wpcf7-f11335-o1\" \/><input type=\"hidden\" name=\"_wpcf7_container_post\" value=\"0\" \/><input type=\"hidden\" name=\"_wpcf7_posted_data_hash\" value=\"\" \/>\n<\/fieldset>\n<p><span class=\"wpcf7-form-control-wrap\" data-name=\"Nome\"><input size=\"40\" maxlength=\"400\" class=\"wpcf7-form-control wpcf7-text wpcf7-validates-as-required\" aria-required=\"true\" aria-invalid=\"false\" value=\"Nome\" type=\"text\" name=\"Nome\" \/><\/span><span class=\"wpcf7-form-control-wrap\" data-name=\"your-email\"><input size=\"40\" maxlength=\"400\" class=\"wpcf7-form-control wpcf7-email wpcf7-validates-as-required wpcf7-text wpcf7-validates-as-email\" aria-required=\"true\" aria-invalid=\"false\" value=\"E-mail\" type=\"email\" name=\"your-email\" \/><\/span><input class=\"wpcf7-form-control wpcf7-submit has-spinner\" type=\"submit\" value=\"Iscriviti\" \/>\n<\/p><div class=\"wpcf7-response-output\" aria-hidden=\"true\"><\/div>\n<\/form>\n<\/div>\n[\/et_pb_code][et_pb_text _builder_version=&#8221;4.9.0&#8243; _module_preset=&#8221;default&#8221; text_font=&#8221;||on||||||&#8221; text_text_color=&#8221;#FFFFFF&#8221; text_font_size=&#8221;13px&#8221; z_index=&#8221;500&#8243; text_orientation=&#8221;center&#8221; custom_margin=&#8221;||||false|false&#8221;]Ao clicar em subscreber aceita a nossa pol\u00edtica de privacidade e concorda em receber a nossa newsletter.[\/et_pb_text][\/et_pb_column][\/et_pb_row][\/et_pb_section]<\/p>\n","protected":false},"excerpt":{"rendered":"<p>Os centros antiviol\u00eancia Temos orgulho em administrar os seguintes centros antiviol\u00eancia Tel. 06.37.51.82.61 \/ 62 \/ 82 Tel. 06.95.911.87Tel. 06.69.60.92.16 \/ 06.69.60.92.13Tel. 06.85.38.69.22Tel. 338.4715978&nbsp; O Telefono Rosa administra centros antiviol\u00eancia [&hellip;]<\/p>\n","protected":false},"author":1,"featured_media":0,"parent":0,"menu_order":0,"comment_status":"open","ping_status":"open","template":"","meta":{"give_campaign_id":0,"_et_pb_use_builder":"on","_et_pb_old_content":"","_et_gb_content_width":"","footnotes":""},"class_list":["post-13611","page","type-page","status-publish","hentry"],"yoast_head":"<!-- This site is optimized with the Yoast SEO plugin v26.8 - https:\/\/yoast.com\/product\/yoast-seo-wordpress\/ -->\n<title>Centri AntiViolenza aiuto per donne e minori vittime di violenza<\/title>\n<meta name=\"description\" content=\"I Centri Antiviolenza offrono assistenza legale e psicologica ed inoltre orientamento al lavoro, sostegno alla genitorialit\u00e0 e laboratori per minori.\" \/>\n<meta name=\"robots\" content=\"index, follow, max-snippet:-1, max-image-preview:large, max-video-preview:-1\" \/>\n<link rel=\"canonical\" href=\"https:\/\/www.telefonorosa.it\/pt-pt\/os-centros-antiviolencia\/\" \/>\n<meta property=\"og:locale\" content=\"pt_PT\" \/>\n<meta property=\"og:type\" content=\"article\" \/>\n<meta property=\"og:title\" content=\"Centri AntiViolenza aiuto per donne e minori vittime di violenza\" \/>\n<meta property=\"og:description\" content=\"I Centri Antiviolenza offrono assistenza legale e psicologica ed inoltre orientamento al lavoro, sostegno alla genitorialit\u00e0 e laboratori per minori.\" \/>\n<meta property=\"og:url\" content=\"https:\/\/www.telefonorosa.it\/pt-pt\/os-centros-antiviolencia\/\" \/>\n<meta property=\"og:site_name\" content=\"Telefono Rosa\" \/>\n<meta property=\"article:publisher\" content=\"https:\/\/www.facebook.com\/telefonorosa\/\" \/>\n<meta property=\"article:modified_time\" content=\"2021-05-26T13:55:13+00:00\" \/>\n<meta property=\"og:image\" content=\"https:\/\/www.telefonorosa.it\/wp-content\/uploads\/2015\/06\/Logo_TR.png\" \/>\n\t<meta property=\"og:image:width\" content=\"178\" \/>\n\t<meta property=\"og:image:height\" content=\"184\" \/>\n\t<meta property=\"og:image:type\" content=\"image\/png\" \/>\n<meta name=\"twitter:card\" content=\"summary_large_image\" \/>\n<meta name=\"twitter:site\" content=\"@telefonorosanaz\" \/>\n<meta name=\"twitter:label1\" content=\"Tempo estimado de leitura\" \/>\n\t<meta name=\"twitter:data1\" content=\"6 minutos\" \/>\n<script type=\"application\/ld+json\" class=\"yoast-schema-graph\">{\"@context\":\"https:\/\/schema.org\",\"@graph\":[{\"@type\":\"WebPage\",\"@id\":\"https:\/\/www.telefonorosa.it\/pt-pt\/os-centros-antiviolencia\/\",\"url\":\"https:\/\/www.telefonorosa.it\/pt-pt\/os-centros-antiviolencia\/\",\"name\":\"Centri AntiViolenza aiuto per donne e minori vittime di violenza\",\"isPartOf\":{\"@id\":\"https:\/\/www.telefonorosa.it\/#website\"},\"datePublished\":\"2021-05-26T11:59:47+00:00\",\"dateModified\":\"2021-05-26T13:55:13+00:00\",\"description\":\"I Centri Antiviolenza offrono assistenza legale e psicologica ed inoltre orientamento al lavoro, sostegno alla genitorialit\u00e0 e laboratori per minori.\",\"breadcrumb\":{\"@id\":\"https:\/\/www.telefonorosa.it\/pt-pt\/os-centros-antiviolencia\/#breadcrumb\"},\"inLanguage\":\"pt-PT\",\"potentialAction\":[{\"@type\":\"ReadAction\",\"target\":[\"https:\/\/www.telefonorosa.it\/pt-pt\/os-centros-antiviolencia\/\"]}]},{\"@type\":\"BreadcrumbList\",\"@id\":\"https:\/\/www.telefonorosa.it\/pt-pt\/os-centros-antiviolencia\/#breadcrumb\",\"itemListElement\":[{\"@type\":\"ListItem\",\"position\":1,\"name\":\"Home\",\"item\":\"https:\/\/www.telefonorosa.it\/\"},{\"@type\":\"ListItem\",\"position\":2,\"name\":\"Os centros antiviol\u00eancia\"}]},{\"@type\":\"WebSite\",\"@id\":\"https:\/\/www.telefonorosa.it\/#website\",\"url\":\"https:\/\/www.telefonorosa.it\/\",\"name\":\"Telefono Rosa - Pi\u00f9 forti insieme\",\"description\":\"Pi\u00f9 forti insieme\",\"publisher\":{\"@id\":\"https:\/\/www.telefonorosa.it\/#organization\"},\"potentialAction\":[{\"@type\":\"SearchAction\",\"target\":{\"@type\":\"EntryPoint\",\"urlTemplate\":\"https:\/\/www.telefonorosa.it\/?s={search_term_string}\"},\"query-input\":{\"@type\":\"PropertyValueSpecification\",\"valueRequired\":true,\"valueName\":\"search_term_string\"}}],\"inLanguage\":\"pt-PT\"},{\"@type\":\"Organization\",\"@id\":\"https:\/\/www.telefonorosa.it\/#organization\",\"name\":\"Telefono Rosa\",\"url\":\"https:\/\/www.telefonorosa.it\/\",\"logo\":{\"@type\":\"ImageObject\",\"inLanguage\":\"pt-PT\",\"@id\":\"https:\/\/www.telefonorosa.it\/#\/schema\/logo\/image\/\",\"url\":\"https:\/\/www.telefonorosa.it\/wp-content\/uploads\/2021\/01\/Logo_TR.png\",\"contentUrl\":\"https:\/\/www.telefonorosa.it\/wp-content\/uploads\/2021\/01\/Logo_TR.png\",\"width\":178,\"height\":184,\"caption\":\"Telefono Rosa\"},\"image\":{\"@id\":\"https:\/\/www.telefonorosa.it\/#\/schema\/logo\/image\/\"},\"sameAs\":[\"https:\/\/www.facebook.com\/telefonorosa\/\",\"https:\/\/x.com\/telefonorosanaz\",\"http:\/\/instagram.com\/telefonorosa_official\/\",\"https:\/\/www.youtube.com\/user\/TelefonoRosaOnlus\/\",\"https:\/\/it.wikipedia.org\/wiki\/Telefono_rosa\"]}]}<\/script>\n<!-- \/ Yoast SEO plugin. -->","yoast_head_json":{"title":"Centri AntiViolenza aiuto per donne e minori vittime di violenza","description":"I Centri Antiviolenza offrono assistenza legale e psicologica ed inoltre orientamento al lavoro, sostegno alla genitorialit\u00e0 e laboratori per minori.","robots":{"index":"index","follow":"follow","max-snippet":"max-snippet:-1","max-image-preview":"max-image-preview:large","max-video-preview":"max-video-preview:-1"},"canonical":"https:\/\/www.telefonorosa.it\/pt-pt\/os-centros-antiviolencia\/","og_locale":"pt_PT","og_type":"article","og_title":"Centri AntiViolenza aiuto per donne e minori vittime di violenza","og_description":"I Centri Antiviolenza offrono assistenza legale e psicologica ed inoltre orientamento al lavoro, sostegno alla genitorialit\u00e0 e laboratori per minori.","og_url":"https:\/\/www.telefonorosa.it\/pt-pt\/os-centros-antiviolencia\/","og_site_name":"Telefono Rosa","article_publisher":"https:\/\/www.facebook.com\/telefonorosa\/","article_modified_time":"2021-05-26T13:55:13+00:00","og_image":[{"width":178,"height":184,"url":"https:\/\/www.telefonorosa.it\/wp-content\/uploads\/2015\/06\/Logo_TR.png","type":"image\/png"}],"twitter_card":"summary_large_image","twitter_site":"@telefonorosanaz","twitter_misc":{"Tempo estimado de leitura":"6 minutos"},"schema":{"@context":"https:\/\/schema.org","@graph":[{"@type":"WebPage","@id":"https:\/\/www.telefonorosa.it\/pt-pt\/os-centros-antiviolencia\/","url":"https:\/\/www.telefonorosa.it\/pt-pt\/os-centros-antiviolencia\/","name":"Centri AntiViolenza aiuto per donne e minori vittime di violenza","isPartOf":{"@id":"https:\/\/www.telefonorosa.it\/#website"},"datePublished":"2021-05-26T11:59:47+00:00","dateModified":"2021-05-26T13:55:13+00:00","description":"I Centri Antiviolenza offrono assistenza legale e psicologica ed inoltre orientamento al lavoro, sostegno alla genitorialit\u00e0 e laboratori per minori.","breadcrumb":{"@id":"https:\/\/www.telefonorosa.it\/pt-pt\/os-centros-antiviolencia\/#breadcrumb"},"inLanguage":"pt-PT","potentialAction":[{"@type":"ReadAction","target":["https:\/\/www.telefonorosa.it\/pt-pt\/os-centros-antiviolencia\/"]}]},{"@type":"BreadcrumbList","@id":"https:\/\/www.telefonorosa.it\/pt-pt\/os-centros-antiviolencia\/#breadcrumb","itemListElement":[{"@type":"ListItem","position":1,"name":"Home","item":"https:\/\/www.telefonorosa.it\/"},{"@type":"ListItem","position":2,"name":"Os centros antiviol\u00eancia"}]},{"@type":"WebSite","@id":"https:\/\/www.telefonorosa.it\/#website","url":"https:\/\/www.telefonorosa.it\/","name":"Telefono Rosa - Pi\u00f9 forti insieme","description":"Pi\u00f9 forti insieme","publisher":{"@id":"https:\/\/www.telefonorosa.it\/#organization"},"potentialAction":[{"@type":"SearchAction","target":{"@type":"EntryPoint","urlTemplate":"https:\/\/www.telefonorosa.it\/?s={search_term_string}"},"query-input":{"@type":"PropertyValueSpecification","valueRequired":true,"valueName":"search_term_string"}}],"inLanguage":"pt-PT"},{"@type":"Organization","@id":"https:\/\/www.telefonorosa.it\/#organization","name":"Telefono Rosa","url":"https:\/\/www.telefonorosa.it\/","logo":{"@type":"ImageObject","inLanguage":"pt-PT","@id":"https:\/\/www.telefonorosa.it\/#\/schema\/logo\/image\/","url":"https:\/\/www.telefonorosa.it\/wp-content\/uploads\/2021\/01\/Logo_TR.png","contentUrl":"https:\/\/www.telefonorosa.it\/wp-content\/uploads\/2021\/01\/Logo_TR.png","width":178,"height":184,"caption":"Telefono Rosa"},"image":{"@id":"https:\/\/www.telefonorosa.it\/#\/schema\/logo\/image\/"},"sameAs":["https:\/\/www.facebook.com\/telefonorosa\/","https:\/\/x.com\/telefonorosanaz","http:\/\/instagram.com\/telefonorosa_official\/","https:\/\/www.youtube.com\/user\/TelefonoRosaOnlus\/","https:\/\/it.wikipedia.org\/wiki\/Telefono_rosa"]}]}},"campaignId":"","_links":{"self":[{"href":"https:\/\/www.telefonorosa.it\/pt-pt\/wp-json\/wp\/v2\/pages\/13611","targetHints":{"allow":["GET"]}}],"collection":[{"href":"https:\/\/www.telefonorosa.it\/pt-pt\/wp-json\/wp\/v2\/pages"}],"about":[{"href":"https:\/\/www.telefonorosa.it\/pt-pt\/wp-json\/wp\/v2\/types\/page"}],"author":[{"embeddable":true,"href":"https:\/\/www.telefonorosa.it\/pt-pt\/wp-json\/wp\/v2\/users\/1"}],"replies":[{"embeddable":true,"href":"https:\/\/www.telefonorosa.it\/pt-pt\/wp-json\/wp\/v2\/comments?post=13611"}],"version-history":[{"count":21,"href":"https:\/\/www.telefonorosa.it\/pt-pt\/wp-json\/wp\/v2\/pages\/13611\/revisions"}],"predecessor-version":[{"id":13651,"href":"https:\/\/www.telefonorosa.it\/pt-pt\/wp-json\/wp\/v2\/pages\/13611\/revisions\/13651"}],"wp:attachment":[{"href":"https:\/\/www.telefonorosa.it\/pt-pt\/wp-json\/wp\/v2\/media?parent=13611"}],"curies":[{"name":"wp","href":"https:\/\/api.w.org\/{rel}","templated":true}]}}