{"id":13581,"date":"2021-05-26T12:44:44","date_gmt":"2021-05-26T10:44:44","guid":{"rendered":"https:\/\/www.telefonorosa.it\/nossos-voluntarios\/"},"modified":"2021-05-26T12:45:05","modified_gmt":"2021-05-26T10:45:05","slug":"nossos-voluntarios","status":"publish","type":"page","link":"https:\/\/www.telefonorosa.it\/pt-pt\/nossos-voluntarios\/","title":{"rendered":"Nossos volunt\u00e1rios"},"content":{"rendered":"<p>[et_pb_section fb_built=&#8221;1&#8243; admin_label=&#8221;section&#8221; _builder_version=&#8221;3.22&#8243; custom_padding=&#8221;||2px|||&#8221;][et_pb_row admin_label=&#8221;row&#8221; _builder_version=&#8221;3.25&#8243; background_size=&#8221;initial&#8221; background_position=&#8221;top_left&#8221; background_repeat=&#8221;repeat&#8221;][et_pb_column type=&#8221;4_4&#8243; _builder_version=&#8221;3.25&#8243; custom_padding=&#8221;|||&#8221; custom_padding__hover=&#8221;|||&#8221;][et_pb_text admin_label=&#8221;Text&#8221; _builder_version=&#8221;4.8.1&#8243; text_font_size=&#8221;17px&#8221; background_size=&#8221;initial&#8221; background_position=&#8221;top_left&#8221; background_repeat=&#8221;repeat&#8221; custom_padding=&#8221;||0px|||&#8221;]<\/p>\n<h1 style=\"text-align: center\"><b>Nossos volunt\u00e1rios<\/b><\/h1>\n<p>[\/et_pb_text][et_pb_image src=&#8221;https:\/\/www.telefonorosa.it\/wp-content\/uploads\/2021\/03\/Le-nostre-volontarie-definitivo.jpeg&#8221; _builder_version=&#8221;4.9.2&#8243; _module_preset=&#8221;default&#8221; title_text=&#8221;Nossos volunt\u00e1rios&#8221; border_radii=&#8221;on|25px|25px|25px|25px&#8221; border_color_all=&#8221;#F3A4BA&#8221; border_width_all=&#8221;6px&#8221; box_shadow_style=&#8221;preset1&#8243; hover_enabled=&#8221;0&#8243; sticky_enabled=&#8221;0&#8243; custom_margin=&#8221;-2px|||||&#8221;][\/et_pb_image][et_pb_text admin_label=&#8221;Text&#8221; _builder_version=&#8221;4.8.1&#8243; text_font_size=&#8221;17px&#8221; background_size=&#8221;initial&#8221; background_position=&#8221;top_left&#8221; background_repeat=&#8221;repeat&#8221;]<\/p>\n<p>&nbsp;<\/p>\n<p>Os volunt\u00e1rios representam <span style=\"color: #f3a4ba\">o cora\u00e7\u00e3o do Telefono Rosa<\/span>, que hoje tem mais de sessenta.<\/p>\n<p>A equipa \u00e9 formada por mulheres que acreditam fortemente na nossa miss\u00e3o e a ela se dedicam com paix\u00e3o e empenho. O seu papel \u00e9 delicado e de enorme responsabilidade, ali\u00e1s constituem o primeiro contacto com a Associa\u00e7\u00e3o e podem realmente fazer a diferen\u00e7a na vida das mulheres, que decidem sair da espiral da viol\u00eancia.<\/p>\n<p>Os volunt\u00e1rios atendem ao centro de contato telef\u00f4nica de segunda a sexta-feira, das 10 \u00e0s 19 horas.. <\/p>\n<p>Eles cuidam da primeira recep\u00e7\u00e3o telef\u00f4nica, realizada com o maior respeito ao anonimato e sem julgamento. Eles fornecem informa\u00e7\u00f5es \u00fateis e orienta\u00e7\u00e3o inicial, encaminhando ent\u00e3o a mulher, se desejado, ao apoio de advogados profissionais e \/ ou psic\u00f3logos.<\/p>\n<p>Dada a responsabilidade de sua fun\u00e7\u00e3o, os volunt\u00e1rios do Telefono Rosa s\u00e3o devidamente treinados nos temas de viol\u00eancia de g\u00eanero, dom\u00e9stica, econ\u00f4mica, viol\u00eancia psicol\u00f3gica, bullying \/ cyberbullying e pornografia de vingan\u00e7a. Est\u00e3o previstos cursos de atualiza\u00e7\u00e3o, de forma a disponibilizar todas as ferramentas \u00fateis para ajudar as mulheres que recorrem ao Telefono Rosa.<\/p>\n<p>Os volunt\u00e1rios, com sua dedica\u00e7\u00e3o e entusiasmo, representam um dos pilares da Associa\u00e7\u00e3o, participando de todas as atividades.<\/p>\n<p>Gra\u00e7as aos volunt\u00e1rios e ao seu trabalho, o Telefono Rosa pode dar uma ajuda concreta \u00e0s mulheres v\u00edtimas de viol\u00eancia e seus filhos.<\/p>\n<p>[\/et_pb_text][\/et_pb_column][\/et_pb_row][\/et_pb_section]<\/p>\n","protected":false},"excerpt":{"rendered":"<p>Nossos volunt\u00e1rios&nbsp; Os volunt\u00e1rios representam o cora\u00e7\u00e3o do Telefono Rosa, que hoje tem mais de sessenta. A equipa \u00e9 formada por mulheres que acreditam fortemente na nossa miss\u00e3o e a [&hellip;]<\/p>\n","protected":false},"author":1,"featured_media":0,"parent":0,"menu_order":0,"comment_status":"open","ping_status":"closed","template":"","meta":{"give_campaign_id":0,"_et_pb_use_builder":"on","_et_pb_old_content":"","_et_gb_content_width":"","footnotes":""},"class_list":["post-13581","page","type-page","status-publish","hentry"],"yoast_head":"<!-- This site is optimized with the Yoast SEO plugin v26.8 - https:\/\/yoast.com\/product\/yoast-seo-wordpress\/ -->\n<title>Casa rifugio di Telefono Rosa. Protezione per donne vittime di violenza.<\/title>\n<meta name=\"description\" content=\"La casa rifugio fornisce protezione per donne e bambini vittime di violenza garantendo il completo anonimato. Psicologhe e figure di sostegno in sede.\" \/>\n<meta name=\"robots\" content=\"index, follow, max-snippet:-1, max-image-preview:large, max-video-preview:-1\" \/>\n<link rel=\"canonical\" href=\"https:\/\/www.telefonorosa.it\/pt-pt\/nossos-voluntarios\/\" \/>\n<meta property=\"og:locale\" content=\"pt_PT\" \/>\n<meta property=\"og:type\" content=\"article\" \/>\n<meta property=\"og:title\" content=\"Casa rifugio di Telefono Rosa. Protezione per donne vittime di violenza.\" \/>\n<meta property=\"og:description\" content=\"La casa rifugio fornisce protezione per donne e bambini vittime di violenza garantendo il completo anonimato. Psicologhe e figure di sostegno in sede.\" \/>\n<meta property=\"og:url\" content=\"https:\/\/www.telefonorosa.it\/pt-pt\/nossos-voluntarios\/\" \/>\n<meta property=\"og:site_name\" content=\"Telefono Rosa\" \/>\n<meta property=\"article:publisher\" content=\"https:\/\/www.facebook.com\/telefonorosa\/\" \/>\n<meta property=\"article:modified_time\" content=\"2021-05-26T10:45:05+00:00\" \/>\n<meta property=\"og:image\" content=\"https:\/\/www.telefonorosa.it\/wp-content\/uploads\/2015\/06\/Logo_TR.png\" \/>\n\t<meta property=\"og:image:width\" content=\"178\" \/>\n\t<meta property=\"og:image:height\" content=\"184\" \/>\n\t<meta property=\"og:image:type\" content=\"image\/png\" \/>\n<meta name=\"twitter:card\" content=\"summary_large_image\" \/>\n<meta name=\"twitter:site\" content=\"@telefonorosanaz\" \/>\n<meta name=\"twitter:label1\" content=\"Tempo estimado de leitura\" \/>\n\t<meta name=\"twitter:data1\" content=\"2 minutos\" \/>\n<script type=\"application\/ld+json\" class=\"yoast-schema-graph\">{\"@context\":\"https:\/\/schema.org\",\"@graph\":[{\"@type\":\"WebPage\",\"@id\":\"https:\/\/www.telefonorosa.it\/pt-pt\/nossos-voluntarios\/\",\"url\":\"https:\/\/www.telefonorosa.it\/pt-pt\/nossos-voluntarios\/\",\"name\":\"Casa rifugio di Telefono Rosa. Protezione per donne vittime di violenza.\",\"isPartOf\":{\"@id\":\"https:\/\/www.telefonorosa.it\/#website\"},\"datePublished\":\"2021-05-26T10:44:44+00:00\",\"dateModified\":\"2021-05-26T10:45:05+00:00\",\"description\":\"La casa rifugio fornisce protezione per donne e bambini vittime di violenza garantendo il completo anonimato. Psicologhe e figure di sostegno in sede.\",\"breadcrumb\":{\"@id\":\"https:\/\/www.telefonorosa.it\/pt-pt\/nossos-voluntarios\/#breadcrumb\"},\"inLanguage\":\"pt-PT\",\"potentialAction\":[{\"@type\":\"ReadAction\",\"target\":[\"https:\/\/www.telefonorosa.it\/pt-pt\/nossos-voluntarios\/\"]}]},{\"@type\":\"BreadcrumbList\",\"@id\":\"https:\/\/www.telefonorosa.it\/pt-pt\/nossos-voluntarios\/#breadcrumb\",\"itemListElement\":[{\"@type\":\"ListItem\",\"position\":1,\"name\":\"Home\",\"item\":\"https:\/\/www.telefonorosa.it\/\"},{\"@type\":\"ListItem\",\"position\":2,\"name\":\"Nossos volunt\u00e1rios\"}]},{\"@type\":\"WebSite\",\"@id\":\"https:\/\/www.telefonorosa.it\/#website\",\"url\":\"https:\/\/www.telefonorosa.it\/\",\"name\":\"Telefono Rosa - Pi\u00f9 forti insieme\",\"description\":\"Pi\u00f9 forti insieme\",\"publisher\":{\"@id\":\"https:\/\/www.telefonorosa.it\/#organization\"},\"potentialAction\":[{\"@type\":\"SearchAction\",\"target\":{\"@type\":\"EntryPoint\",\"urlTemplate\":\"https:\/\/www.telefonorosa.it\/?s={search_term_string}\"},\"query-input\":{\"@type\":\"PropertyValueSpecification\",\"valueRequired\":true,\"valueName\":\"search_term_string\"}}],\"inLanguage\":\"pt-PT\"},{\"@type\":\"Organization\",\"@id\":\"https:\/\/www.telefonorosa.it\/#organization\",\"name\":\"Telefono Rosa\",\"url\":\"https:\/\/www.telefonorosa.it\/\",\"logo\":{\"@type\":\"ImageObject\",\"inLanguage\":\"pt-PT\",\"@id\":\"https:\/\/www.telefonorosa.it\/#\/schema\/logo\/image\/\",\"url\":\"https:\/\/www.telefonorosa.it\/wp-content\/uploads\/2021\/01\/Logo_TR.png\",\"contentUrl\":\"https:\/\/www.telefonorosa.it\/wp-content\/uploads\/2021\/01\/Logo_TR.png\",\"width\":178,\"height\":184,\"caption\":\"Telefono Rosa\"},\"image\":{\"@id\":\"https:\/\/www.telefonorosa.it\/#\/schema\/logo\/image\/\"},\"sameAs\":[\"https:\/\/www.facebook.com\/telefonorosa\/\",\"https:\/\/x.com\/telefonorosanaz\",\"http:\/\/instagram.com\/telefonorosa_official\/\",\"https:\/\/www.youtube.com\/user\/TelefonoRosaOnlus\/\",\"https:\/\/it.wikipedia.org\/wiki\/Telefono_rosa\"]}]}<\/script>\n<!-- \/ Yoast SEO plugin. -->","yoast_head_json":{"title":"Casa rifugio di Telefono Rosa. Protezione per donne vittime di violenza.","description":"La casa rifugio fornisce protezione per donne e bambini vittime di violenza garantendo il completo anonimato. Psicologhe e figure di sostegno in sede.","robots":{"index":"index","follow":"follow","max-snippet":"max-snippet:-1","max-image-preview":"max-image-preview:large","max-video-preview":"max-video-preview:-1"},"canonical":"https:\/\/www.telefonorosa.it\/pt-pt\/nossos-voluntarios\/","og_locale":"pt_PT","og_type":"article","og_title":"Casa rifugio di Telefono Rosa. Protezione per donne vittime di violenza.","og_description":"La casa rifugio fornisce protezione per donne e bambini vittime di violenza garantendo il completo anonimato. Psicologhe e figure di sostegno in sede.","og_url":"https:\/\/www.telefonorosa.it\/pt-pt\/nossos-voluntarios\/","og_site_name":"Telefono Rosa","article_publisher":"https:\/\/www.facebook.com\/telefonorosa\/","article_modified_time":"2021-05-26T10:45:05+00:00","og_image":[{"width":178,"height":184,"url":"https:\/\/www.telefonorosa.it\/wp-content\/uploads\/2015\/06\/Logo_TR.png","type":"image\/png"}],"twitter_card":"summary_large_image","twitter_site":"@telefonorosanaz","twitter_misc":{"Tempo estimado de leitura":"2 minutos"},"schema":{"@context":"https:\/\/schema.org","@graph":[{"@type":"WebPage","@id":"https:\/\/www.telefonorosa.it\/pt-pt\/nossos-voluntarios\/","url":"https:\/\/www.telefonorosa.it\/pt-pt\/nossos-voluntarios\/","name":"Casa rifugio di Telefono Rosa. Protezione per donne vittime di violenza.","isPartOf":{"@id":"https:\/\/www.telefonorosa.it\/#website"},"datePublished":"2021-05-26T10:44:44+00:00","dateModified":"2021-05-26T10:45:05+00:00","description":"La casa rifugio fornisce protezione per donne e bambini vittime di violenza garantendo il completo anonimato. Psicologhe e figure di sostegno in sede.","breadcrumb":{"@id":"https:\/\/www.telefonorosa.it\/pt-pt\/nossos-voluntarios\/#breadcrumb"},"inLanguage":"pt-PT","potentialAction":[{"@type":"ReadAction","target":["https:\/\/www.telefonorosa.it\/pt-pt\/nossos-voluntarios\/"]}]},{"@type":"BreadcrumbList","@id":"https:\/\/www.telefonorosa.it\/pt-pt\/nossos-voluntarios\/#breadcrumb","itemListElement":[{"@type":"ListItem","position":1,"name":"Home","item":"https:\/\/www.telefonorosa.it\/"},{"@type":"ListItem","position":2,"name":"Nossos volunt\u00e1rios"}]},{"@type":"WebSite","@id":"https:\/\/www.telefonorosa.it\/#website","url":"https:\/\/www.telefonorosa.it\/","name":"Telefono Rosa - Pi\u00f9 forti insieme","description":"Pi\u00f9 forti insieme","publisher":{"@id":"https:\/\/www.telefonorosa.it\/#organization"},"potentialAction":[{"@type":"SearchAction","target":{"@type":"EntryPoint","urlTemplate":"https:\/\/www.telefonorosa.it\/?s={search_term_string}"},"query-input":{"@type":"PropertyValueSpecification","valueRequired":true,"valueName":"search_term_string"}}],"inLanguage":"pt-PT"},{"@type":"Organization","@id":"https:\/\/www.telefonorosa.it\/#organization","name":"Telefono Rosa","url":"https:\/\/www.telefonorosa.it\/","logo":{"@type":"ImageObject","inLanguage":"pt-PT","@id":"https:\/\/www.telefonorosa.it\/#\/schema\/logo\/image\/","url":"https:\/\/www.telefonorosa.it\/wp-content\/uploads\/2021\/01\/Logo_TR.png","contentUrl":"https:\/\/www.telefonorosa.it\/wp-content\/uploads\/2021\/01\/Logo_TR.png","width":178,"height":184,"caption":"Telefono Rosa"},"image":{"@id":"https:\/\/www.telefonorosa.it\/#\/schema\/logo\/image\/"},"sameAs":["https:\/\/www.facebook.com\/telefonorosa\/","https:\/\/x.com\/telefonorosanaz","http:\/\/instagram.com\/telefonorosa_official\/","https:\/\/www.youtube.com\/user\/TelefonoRosaOnlus\/","https:\/\/it.wikipedia.org\/wiki\/Telefono_rosa"]}]}},"campaignId":"","_links":{"self":[{"href":"https:\/\/www.telefonorosa.it\/pt-pt\/wp-json\/wp\/v2\/pages\/13581","targetHints":{"allow":["GET"]}}],"collection":[{"href":"https:\/\/www.telefonorosa.it\/pt-pt\/wp-json\/wp\/v2\/pages"}],"about":[{"href":"https:\/\/www.telefonorosa.it\/pt-pt\/wp-json\/wp\/v2\/types\/page"}],"author":[{"embeddable":true,"href":"https:\/\/www.telefonorosa.it\/pt-pt\/wp-json\/wp\/v2\/users\/1"}],"replies":[{"embeddable":true,"href":"https:\/\/www.telefonorosa.it\/pt-pt\/wp-json\/wp\/v2\/comments?post=13581"}],"version-history":[{"count":10,"href":"https:\/\/www.telefonorosa.it\/pt-pt\/wp-json\/wp\/v2\/pages\/13581\/revisions"}],"predecessor-version":[{"id":13594,"href":"https:\/\/www.telefonorosa.it\/pt-pt\/wp-json\/wp\/v2\/pages\/13581\/revisions\/13594"}],"wp:attachment":[{"href":"https:\/\/www.telefonorosa.it\/pt-pt\/wp-json\/wp\/v2\/media?parent=13581"}],"curies":[{"name":"wp","href":"https:\/\/api.w.org\/{rel}","templated":true}]}}